{"id":278,"date":"2019-09-30T11:01:28","date_gmt":"2019-09-30T09:01:28","guid":{"rendered":"https:\/\/www.cs-bau.com\/wp\/?page_id=278"},"modified":"2019-10-08T18:10:10","modified_gmt":"2019-10-08T16:10:10","slug":"4-stilvolle-eigentumswohnungen-in-limbach-kirkel-2004","status":"publish","type":"page","link":"https:\/\/www.cs-bau.com\/wp\/projekte\/fertiggestellt\/4-stilvolle-eigentumswohnungen-in-limbach-kirkel-2004\/","title":{"rendered":"4 stilvolle Eigentumswohnungen in Limbach-Kirkel 2004"},"content":{"rendered":"<div id='full_slider_1'  class='avia-fullwidth-slider main_color avia-shadow   avia-builder-el-0  el_before_av_one_full  avia-builder-el-first   container_wrap sidebar_right'  ><div  class='avia-slideshow av-jto5xp0i-0f93da6e43e750e2805dd7f659311c8d avia-slideshow-no scaling av_slideshow_full avia-slide-slider av-slideshow-ui av-control-default av-slideshow-manual av-loop-once av-loop-manual-endless av-default-height-applied   avia-slideshow-1' data-slideshow-options=\"{&quot;animation&quot;:&quot;slide&quot;,&quot;autoplay&quot;:false,&quot;loop_autoplay&quot;:&quot;once&quot;,&quot;interval&quot;:5,&quot;loop_manual&quot;:&quot;manual-endless&quot;,&quot;autoplay_stopper&quot;:false,&quot;noNavigation&quot;:false,&quot;bg_slider&quot;:false,&quot;keep_padding&quot;:false,&quot;hoverpause&quot;:false,&quot;show_slide_delay&quot;:0}\"  itemprop=\"image\" itemscope=\"itemscope\" itemtype=\"https:\/\/schema.org\/ImageObject\" ><ul class='avia-slideshow-inner ' style='padding-bottom: 66.944444444444%;'><li  class='avia-slideshow-slide av-jto5xp0i-0f93da6e43e750e2805dd7f659311c8d__0  av-single-slide slide-1 slide-odd'><div data-rel='slideshow-1' class='avia-slide-wrap '   ><img decoding=\"async\" fetchpriority=\"high\" class=\"wp-image-317 avia-img-lazy-loading-not-317\"  src=\"https:\/\/www.cs-bau.com\/wp\/wp-content\/uploads\/2019\/09\/cs-bau-streithoff-homburg-objekt-limbach-v4-1.jpg\" width=\"1800\" height=\"1205\" title='cs-bau-streithoff-homburg-objekt-limbach-v4-1' alt=''  itemprop=\"thumbnailUrl\" srcset=\"https:\/\/www.cs-bau.com\/wp\/wp-content\/uploads\/2019\/09\/cs-bau-streithoff-homburg-objekt-limbach-v4-1.jpg 1800w, https:\/\/www.cs-bau.com\/wp\/wp-content\/uploads\/2019\/09\/cs-bau-streithoff-homburg-objekt-limbach-v4-1-300x201.jpg 300w, https:\/\/www.cs-bau.com\/wp\/wp-content\/uploads\/2019\/09\/cs-bau-streithoff-homburg-objekt-limbach-v4-1-768x514.jpg 768w, https:\/\/www.cs-bau.com\/wp\/wp-content\/uploads\/2019\/09\/cs-bau-streithoff-homburg-objekt-limbach-v4-1-1030x690.jpg 1030w, https:\/\/www.cs-bau.com\/wp\/wp-content\/uploads\/2019\/09\/cs-bau-streithoff-homburg-objekt-limbach-v4-1-1500x1004.jpg 1500w, https:\/\/www.cs-bau.com\/wp\/wp-content\/uploads\/2019\/09\/cs-bau-streithoff-homburg-objekt-limbach-v4-1-705x472.jpg 705w\" sizes=\"(max-width: 1800px) 100vw, 1800px\" \/><\/div><\/li><\/ul><\/div><\/div><div id='after_full_slider_1'  class='main_color av_default_container_wrap container_wrap sidebar_right'  ><div class='container av-section-cont-open' ><div class='template-page content  av-content-small alpha units'><div class='post-entry post-entry-type-page post-entry-278'><div class='entry-content-wrapper clearfix'>\n\n<style type=\"text\/css\" data-created_by=\"avia_inline_auto\" id=\"style-css-av-1fuyx-4b25ba3e44e4a9e377b4f2f3bff5fbab\">\n.flex_column.av-1fuyx-4b25ba3e44e4a9e377b4f2f3bff5fbab{\nborder-radius:0px 0px 0px 0px;\npadding:0px 0px 0px 0px;\n}\n<\/style>\n<div  class='flex_column av-1fuyx-4b25ba3e44e4a9e377b4f2f3bff5fbab av_one_full  avia-builder-el-1  el_after_av_slideshow_full  el_before_av_one_fourth  avia-builder-el-first  first flex_column_div av-zero-column-padding  '     ><p>\n<style type=\"text\/css\" data-created_by=\"avia_inline_auto\" id=\"style-css-av-9qtue-236a0e9de0405b6a6b820590eb4bf082\">\n#top .av-special-heading.av-9qtue-236a0e9de0405b6a6b820590eb4bf082{\npadding-bottom:10px;\n}\nbody .av-special-heading.av-9qtue-236a0e9de0405b6a6b820590eb4bf082 .av-special-heading-tag .heading-char{\nfont-size:25px;\n}\n.av-special-heading.av-9qtue-236a0e9de0405b6a6b820590eb4bf082 .av-subheading{\nfont-size:15px;\n}\n<\/style>\n<div  class='av-special-heading av-9qtue-236a0e9de0405b6a6b820590eb4bf082 av-special-heading-h1 blockquote modern-quote  avia-builder-el-2  el_before_av_textblock  avia-builder-el-first '><h1 class='av-special-heading-tag '  itemprop=\"headline\"  >4 stilvolle Eigentumswohnungen in Limbach-Kirkel<\/h1><div class=\"special-heading-border\"><div class=\"special-heading-inner-border\"><\/div><\/div><\/div><br \/>\n<section  class='av_textblock_section av-jto5l6j1-67b13843cb9102af8dbd28469f929488 '   itemscope=\"itemscope\" itemtype=\"https:\/\/schema.org\/CreativeWork\" ><div class='avia_textblock'  itemprop=\"text\" ><p><strong>Eigentumswohnungen in einem 4 Familenhaus in bevorzugter Wohnlage.<\/strong><\/p>\n<p>Baujahr: 2004<\/p>\n<\/div><\/section><br \/>\n<div id='av-masonry-1' class='av-masonry av-jzh3fh98-6638a1e61716aeb90f601805d439fd9c noHover av-fixed-size av-no-gap av-hover-overlay- av-masonry-animation-active av-masonry-col-3 av-caption-always av-caption-style- av-masonry-gallery ' data-post_id=\"278\"><div class=\"av-masonry-container isotope av-js-disabled\"><div class='av-masonry-entry isotope-item av-masonry-item-no-image '><\/div><a href=\"https:\/\/www.cs-bau.com\/wp\/wp-content\/uploads\/2019\/09\/cs-bau-streithoff-homburg-objekt-limbach-v4-1-1030x690.jpg\" data-srcset=\"https:\/\/www.cs-bau.com\/wp\/wp-content\/uploads\/2019\/09\/cs-bau-streithoff-homburg-objekt-limbach-v4-1-1030x690.jpg 1030w, https:\/\/www.cs-bau.com\/wp\/wp-content\/uploads\/2019\/09\/cs-bau-streithoff-homburg-objekt-limbach-v4-1-300x201.jpg 300w, https:\/\/www.cs-bau.com\/wp\/wp-content\/uploads\/2019\/09\/cs-bau-streithoff-homburg-objekt-limbach-v4-1-768x514.jpg 768w, https:\/\/www.cs-bau.com\/wp\/wp-content\/uploads\/2019\/09\/cs-bau-streithoff-homburg-objekt-limbach-v4-1-1500x1004.jpg 1500w, https:\/\/www.cs-bau.com\/wp\/wp-content\/uploads\/2019\/09\/cs-bau-streithoff-homburg-objekt-limbach-v4-1-705x472.jpg 705w, https:\/\/www.cs-bau.com\/wp\/wp-content\/uploads\/2019\/09\/cs-bau-streithoff-homburg-objekt-limbach-v4-1.jpg 1800w\" data-sizes=\"(max-width: 1030px) 100vw, 1030px\"  aria-label=\"Bild cs-bau-streithoff-homburg-objekt-limbach-v4-1\"  id='av-masonry-1-item-317' data-av-masonry-item='317' class='av-masonry-entry isotope-item post-317 attachment type-attachment status-inherit hentry  av-masonry-item-with-image av-grid-img' title=\"cs-bau-streithoff-homburg-objekt-limbach-v4-1\" alt=\"\"    itemprop=\"thumbnailUrl\" ><div class='av-inner-masonry-sizer'><\/div><figure class='av-inner-masonry main_color'><div class=\"av-masonry-outerimage-container\"><div class='av-masonry-image-container' style=\"background-image: url(https:\/\/www.cs-bau.com\/wp\/wp-content\/uploads\/2019\/09\/cs-bau-streithoff-homburg-objekt-limbach-v4-1-705x472.jpg);\"  title=\"cs-bau-streithoff-homburg-objekt-limbach-v4-1\" ><\/div><\/div><\/figure><\/a><!--end av-masonry entry--><a href=\"https:\/\/www.cs-bau.com\/wp\/wp-content\/uploads\/2019\/09\/cs-bau-streithoff-homburg-objekt-limbach-v4-2-1030x690.jpg\" data-srcset=\"https:\/\/www.cs-bau.com\/wp\/wp-content\/uploads\/2019\/09\/cs-bau-streithoff-homburg-objekt-limbach-v4-2-1030x690.jpg 1030w, https:\/\/www.cs-bau.com\/wp\/wp-content\/uploads\/2019\/09\/cs-bau-streithoff-homburg-objekt-limbach-v4-2-300x201.jpg 300w, https:\/\/www.cs-bau.com\/wp\/wp-content\/uploads\/2019\/09\/cs-bau-streithoff-homburg-objekt-limbach-v4-2-768x514.jpg 768w, https:\/\/www.cs-bau.com\/wp\/wp-content\/uploads\/2019\/09\/cs-bau-streithoff-homburg-objekt-limbach-v4-2-1500x1004.jpg 1500w, https:\/\/www.cs-bau.com\/wp\/wp-content\/uploads\/2019\/09\/cs-bau-streithoff-homburg-objekt-limbach-v4-2-705x472.jpg 705w, https:\/\/www.cs-bau.com\/wp\/wp-content\/uploads\/2019\/09\/cs-bau-streithoff-homburg-objekt-limbach-v4-2.jpg 1800w\" data-sizes=\"(max-width: 1030px) 100vw, 1030px\"  aria-label=\"Bild cs-bau-streithoff-homburg-objekt-limbach-v4-2\"  id='av-masonry-1-item-318' data-av-masonry-item='318' class='av-masonry-entry isotope-item post-318 attachment type-attachment status-inherit hentry  av-masonry-item-with-image av-grid-img' title=\"cs-bau-streithoff-homburg-objekt-limbach-v4-2\" alt=\"\"    itemprop=\"thumbnailUrl\" ><div class='av-inner-masonry-sizer'><\/div><figure class='av-inner-masonry main_color'><div class=\"av-masonry-outerimage-container\"><div class='av-masonry-image-container' style=\"background-image: url(https:\/\/www.cs-bau.com\/wp\/wp-content\/uploads\/2019\/09\/cs-bau-streithoff-homburg-objekt-limbach-v4-2-705x472.jpg);\"  title=\"cs-bau-streithoff-homburg-objekt-limbach-v4-2\" ><\/div><\/div><\/figure><\/a><!--end av-masonry entry--><a href=\"https:\/\/www.cs-bau.com\/wp\/wp-content\/uploads\/2019\/09\/cs-bau-streithoff-homburg-objekt-limbach-v4-3-1030x690.jpg\"  aria-label=\"Bild cs-bau-streithoff-homburg-objekt-limbach-v4-3\"  id='av-masonry-1-item-319' data-av-masonry-item='319' class='av-masonry-entry isotope-item post-319 attachment type-attachment status-inherit hentry  av-masonry-item-with-image av-grid-img' title=\"cs-bau-streithoff-homburg-objekt-limbach-v4-3\" alt=\"\"    itemprop=\"thumbnailUrl\" ><div class='av-inner-masonry-sizer'><\/div><figure class='av-inner-masonry main_color'><div class=\"av-masonry-outerimage-container\"><div class='av-masonry-image-container' style=\"background-image: url(https:\/\/www.cs-bau.com\/wp\/wp-content\/uploads\/2019\/09\/cs-bau-streithoff-homburg-objekt-limbach-v4-3-705x472.jpg);\"  title=\"cs-bau-streithoff-homburg-objekt-limbach-v4-3\" ><\/div><\/div><\/figure><\/a><!--end av-masonry entry--><a href=\"https:\/\/www.cs-bau.com\/wp\/wp-content\/uploads\/2019\/09\/cs-bau-streithoff-homburg-objekt-limbach-v4-4-1030x690.jpg\"  aria-label=\"Bild cs-bau-streithoff-homburg-objekt-limbach-v4-4\"  id='av-masonry-1-item-320' data-av-masonry-item='320' class='av-masonry-entry isotope-item post-320 attachment type-attachment status-inherit hentry  av-masonry-item-with-image av-grid-img' title=\"cs-bau-streithoff-homburg-objekt-limbach-v4-4\" alt=\"\"    itemprop=\"thumbnailUrl\" ><div class='av-inner-masonry-sizer'><\/div><figure class='av-inner-masonry main_color'><div class=\"av-masonry-outerimage-container\"><div class='av-masonry-image-container' style=\"background-image: url(https:\/\/www.cs-bau.com\/wp\/wp-content\/uploads\/2019\/09\/cs-bau-streithoff-homburg-objekt-limbach-v4-4-705x472.jpg);\"  title=\"cs-bau-streithoff-homburg-objekt-limbach-v4-4\" ><\/div><\/div><\/figure><\/a><!--end av-masonry entry--><\/div><\/div><\/p><\/div>\n\n<style type=\"text\/css\" data-created_by=\"avia_inline_auto\" id=\"style-css-av-24ndw-b22da931f3816370e1083587fd51c8df\">\n.flex_column.av-24ndw-b22da931f3816370e1083587fd51c8df{\nborder-radius:0px 0px 0px 0px;\npadding:0px 0px 0px 0px;\n}\n<\/style>\n<div  class='flex_column av-24ndw-b22da931f3816370e1083587fd51c8df av_one_fourth  avia-builder-el-5  el_after_av_one_full  el_before_av_one_fourth  first flex_column_div av-zero-column-padding  column-top-margin'     ><\/div>\n\n<style type=\"text\/css\" data-created_by=\"avia_inline_auto\" id=\"style-css-av-24ndw-9dee0bb145c2b6fc52f8c9e6c48b0927\">\n.flex_column.av-24ndw-9dee0bb145c2b6fc52f8c9e6c48b0927{\nborder-radius:0px 0px 0px 0px;\npadding:0px 0px 0px 0px;\n}\n<\/style>\n<div  class='flex_column av-24ndw-9dee0bb145c2b6fc52f8c9e6c48b0927 av_one_fourth  avia-builder-el-6  el_after_av_one_fourth  el_before_av_one_fourth  flex_column_div av-zero-column-padding  column-top-margin'     ><div  class='avia-button-wrap av-k1hfmlzc-67befbfdae5af99c1e71e6413ae89a0e-wrap avia-button-center  avia-builder-el-7  avia-builder-el-no-sibling '><a href='https:\/\/www.cs-bau.com\/wp\/projekte\/fertiggestellt\/5-stilvolle-eigentumswohnungen-in-limbach-kirkel-2006-2\/'  class='avia-button av-k1hfmlzc-67befbfdae5af99c1e71e6413ae89a0e av-link-btn avia-icon_select-no avia-size-large avia-position-center avia-color-theme-color'   aria-label=\"Vorheriges Objekt\"><span class='avia_iconbox_title' >Vorheriges Objekt<\/span><\/a><\/div><\/div>\n<style type=\"text\/css\" data-created_by=\"avia_inline_auto\" id=\"style-css-av-24ndw-9dee0bb145c2b6fc52f8c9e6c48b0927\">\n.flex_column.av-24ndw-9dee0bb145c2b6fc52f8c9e6c48b0927{\nborder-radius:0px 0px 0px 0px;\npadding:0px 0px 0px 0px;\n}\n<\/style>\n<div  class='flex_column av-24ndw-9dee0bb145c2b6fc52f8c9e6c48b0927 av_one_fourth  avia-builder-el-8  el_after_av_one_fourth  el_before_av_one_fourth  flex_column_div av-zero-column-padding  column-top-margin'     ><div  class='avia-button-wrap av-k1hfmlzc-36b5fbb7f21c3b485a64636b2d746dd2-wrap avia-button-center  avia-builder-el-9  avia-builder-el-no-sibling '><a href='https:\/\/www.cs-bau.com\/wp\/projekte\/fertiggestellt\/4-stilvolle-eigentumswohnungen-in-limbach-kirkel-2005\/'  class='avia-button av-k1hfmlzc-36b5fbb7f21c3b485a64636b2d746dd2 av-link-btn avia-icon_select-no avia-size-large avia-position-center avia-color-theme-color'   aria-label=\"N\u00e4chstes Objekt\"><span class='avia_iconbox_title' >N\u00e4chstes Objekt<\/span><\/a><\/div><\/div>\n<style type=\"text\/css\" data-created_by=\"avia_inline_auto\" id=\"style-css-av-24ndw-9dee0bb145c2b6fc52f8c9e6c48b0927\">\n.flex_column.av-24ndw-9dee0bb145c2b6fc52f8c9e6c48b0927{\nborder-radius:0px 0px 0px 0px;\npadding:0px 0px 0px 0px;\n}\n<\/style>\n<div  class='flex_column av-24ndw-9dee0bb145c2b6fc52f8c9e6c48b0927 av_one_fourth  avia-builder-el-10  el_after_av_one_fourth  el_before_av_submenu  avia-builder-el-last  flex_column_div av-zero-column-padding  column-top-margin'     ><\/div><\/p>\n<\/div><\/div><\/div><!-- close content main div --><\/div><\/div><div class='clear'><\/div><div id='sub_menu1'  class='av-submenu-container av-k1hfbtij-8253f1025d14f87f8ff343b43e5218a7 main_color  avia-builder-el-11  el_after_av_one_fourth  avia-builder-el-last  av-sticky-submenu submenu-not-first container_wrap sidebar_right' style='z-index:301' ><div class='container av-menu-mobile-disabled av-submenu-pos-center'><ul id=\"menu-projektmenufertiggestellt\" class=\"av-subnav-menu\" role=\"menu\"><li role=\"menuitem\" id=\"menu-item-434\" class=\"menu-item menu-item-type-post_type menu-item-object-page menu-item-top-level menu-item-top-level-1\"><a href=\"https:\/\/www.cs-bau.com\/wp\/projekte\/fertiggestellt\/untere-allee-homburg\/\" itemprop=\"url\" tabindex=\"0\"><span class=\"avia-bullet\"><\/span><span class=\"avia-menu-text\">Untere Allee, Homburg<\/span><span class=\"avia-menu-fx\"><span class=\"avia-arrow-wrap\"><span class=\"avia-arrow\"><\/span><\/span><\/span><\/a><\/li>\n<li role=\"menuitem\" id=\"menu-item-435\" class=\"menu-item menu-item-type-post_type menu-item-object-page menu-item-top-level menu-item-top-level-2\"><a href=\"https:\/\/www.cs-bau.com\/wp\/projekte\/fertiggestellt\/alleestrasse-sandorf\/\" itemprop=\"url\" tabindex=\"0\"><span class=\"avia-bullet\"><\/span><span class=\"avia-menu-text\">3 Eigentums\u00adwohnungen in Sandorf<\/span><span class=\"avia-menu-fx\"><span class=\"avia-arrow-wrap\"><span class=\"avia-arrow\"><\/span><\/span><\/span><\/a><\/li>\n<li role=\"menuitem\" id=\"menu-item-436\" class=\"menu-item menu-item-type-post_type menu-item-object-page menu-item-top-level menu-item-top-level-3\"><a href=\"https:\/\/www.cs-bau.com\/wp\/projekte\/fertiggestellt\/8-eigentumswohnungen-in-sandorf\/\" itemprop=\"url\" tabindex=\"0\"><span class=\"avia-bullet\"><\/span><span class=\"avia-menu-text\">8 Eigentums\u00adwohnungen in Sandorf<\/span><span class=\"avia-menu-fx\"><span class=\"avia-arrow-wrap\"><span class=\"avia-arrow\"><\/span><\/span><\/span><\/a><\/li>\n<li role=\"menuitem\" id=\"menu-item-437\" class=\"menu-item menu-item-type-post_type menu-item-object-page menu-item-top-level menu-item-top-level-4\"><a href=\"https:\/\/www.cs-bau.com\/wp\/projekte\/fertiggestellt\/mehrfamilienhaus-in-bester-lage-von-homburg-paracelsus-strasse\/\" itemprop=\"url\" tabindex=\"0\"><span class=\"avia-bullet\"><\/span><span class=\"avia-menu-text\">Mehrfamilienhaus in bester Lage von Homburg<\/span><span class=\"avia-menu-fx\"><span class=\"avia-arrow-wrap\"><span class=\"avia-arrow\"><\/span><\/span><\/span><\/a><\/li>\n<li role=\"menuitem\" id=\"menu-item-438\" class=\"menu-item menu-item-type-post_type menu-item-object-page menu-item-top-level menu-item-top-level-5\"><a href=\"https:\/\/www.cs-bau.com\/wp\/projekte\/fertiggestellt\/stilvolle-eigentumswohnungen-und-eine-arztpraxis-im-herzen-von-homburg-saar\/\" itemprop=\"url\" tabindex=\"0\"><span class=\"avia-bullet\"><\/span><span class=\"avia-menu-text\">Stilvolle Eigentumswohnungen und eine Arztpraxis im Herzen von Homburg\/Saar<\/span><span class=\"avia-menu-fx\"><span class=\"avia-arrow-wrap\"><span class=\"avia-arrow\"><\/span><\/span><\/span><\/a><\/li>\n<li role=\"menuitem\" id=\"menu-item-439\" class=\"menu-item menu-item-type-post_type menu-item-object-page menu-item-top-level menu-item-top-level-6\"><a href=\"https:\/\/www.cs-bau.com\/wp\/projekte\/fertiggestellt\/stilvolle-eigentumswohnungen-arztpraxen-und-3-grosszuegige-gewerbeflaechen-im-herzen-von-homburg-saar\/\" itemprop=\"url\" tabindex=\"0\"><span class=\"avia-bullet\"><\/span><span class=\"avia-menu-text\">Stilvolle Eigentumswohnungen, Arztpraxen und 3 gro\u00dfz\u00fcgige Gewerbefl\u00e4chen im Herzen von Homburg\/Saar<\/span><span class=\"avia-menu-fx\"><span class=\"avia-arrow-wrap\"><span class=\"avia-arrow\"><\/span><\/span><\/span><\/a><\/li>\n<li role=\"menuitem\" id=\"menu-item-440\" class=\"menu-item menu-item-type-post_type menu-item-object-page menu-item-top-level menu-item-top-level-7\"><a href=\"https:\/\/www.cs-bau.com\/wp\/projekte\/fertiggestellt\/schone-eigentumswohnungen-und-eine-arztpraxis-im-herzen-von-homburg-saar\/\" itemprop=\"url\" tabindex=\"0\"><span class=\"avia-bullet\"><\/span><span class=\"avia-menu-text\">Sch\u00f6ne Eigentumswohnungen und eine Arztpraxis im Herzen von Homburg\/Saar<\/span><span class=\"avia-menu-fx\"><span class=\"avia-arrow-wrap\"><span class=\"avia-arrow\"><\/span><\/span><\/span><\/a><\/li>\n<li role=\"menuitem\" id=\"menu-item-441\" class=\"menu-item menu-item-type-post_type menu-item-object-page menu-item-top-level menu-item-top-level-8\"><a href=\"https:\/\/www.cs-bau.com\/wp\/projekte\/fertiggestellt\/11-stilvolle-eigentumswohnungen-im-herzen-von-homburg-saar\/\" itemprop=\"url\" tabindex=\"0\"><span class=\"avia-bullet\"><\/span><span class=\"avia-menu-text\">11 stilvolle Eigentumswohnungen im Herzen von Homburg\/Saar<\/span><span class=\"avia-menu-fx\"><span class=\"avia-arrow-wrap\"><span class=\"avia-arrow\"><\/span><\/span><\/span><\/a><\/li>\n<li role=\"menuitem\" id=\"menu-item-442\" class=\"menu-item menu-item-type-post_type menu-item-object-page menu-item-top-level menu-item-top-level-9\"><a href=\"https:\/\/www.cs-bau.com\/wp\/projekte\/fertiggestellt\/9-stilvolle-eigentumswohnungen-im-herzen-von-homburg-saar\/\" itemprop=\"url\" tabindex=\"0\"><span class=\"avia-bullet\"><\/span><span class=\"avia-menu-text\">9 stilvolle Eigentumswohnungen im Herzen von Homburg\/Saar<\/span><span class=\"avia-menu-fx\"><span class=\"avia-arrow-wrap\"><span class=\"avia-arrow\"><\/span><\/span><\/span><\/a><\/li>\n<li role=\"menuitem\" id=\"menu-item-443\" class=\"menu-item menu-item-type-post_type menu-item-object-page menu-item-top-level menu-item-top-level-10\"><a href=\"https:\/\/www.cs-bau.com\/wp\/projekte\/fertiggestellt\/7-eigentumswohnungen-mit-blick-auf-die-burg\/\" itemprop=\"url\" tabindex=\"0\"><span class=\"avia-bullet\"><\/span><span class=\"avia-menu-text\">7 Eigentumswohnungen mit Blick auf die Burg<\/span><span class=\"avia-menu-fx\"><span class=\"avia-arrow-wrap\"><span class=\"avia-arrow\"><\/span><\/span><\/span><\/a><\/li>\n<li role=\"menuitem\" id=\"menu-item-444\" class=\"menu-item menu-item-type-post_type menu-item-object-page menu-item-top-level menu-item-top-level-11\"><a href=\"https:\/\/www.cs-bau.com\/wp\/projekte\/fertiggestellt\/luxus-einfamilenhaus-in-kirkel-limbach-2\/\" itemprop=\"url\" tabindex=\"0\"><span class=\"avia-bullet\"><\/span><span class=\"avia-menu-text\">Luxus Einfamilienhaus in Kirkel-Limbach<\/span><span class=\"avia-menu-fx\"><span class=\"avia-arrow-wrap\"><span class=\"avia-arrow\"><\/span><\/span><\/span><\/a><\/li>\n<li role=\"menuitem\" id=\"menu-item-445\" class=\"menu-item menu-item-type-post_type menu-item-object-page menu-item-top-level menu-item-top-level-12\"><a href=\"https:\/\/www.cs-bau.com\/wp\/projekte\/fertiggestellt\/2-einfamilienhauser-in-idyllischer-waldrandlage\/\" itemprop=\"url\" tabindex=\"0\"><span class=\"avia-bullet\"><\/span><span class=\"avia-menu-text\">2 Einfamilienh\u00e4user in idyllischer Waldrandlage<\/span><span class=\"avia-menu-fx\"><span class=\"avia-arrow-wrap\"><span class=\"avia-arrow\"><\/span><\/span><\/span><\/a><\/li>\n<li role=\"menuitem\" id=\"menu-item-446\" class=\"menu-item menu-item-type-post_type menu-item-object-page menu-item-top-level menu-item-top-level-13\"><a href=\"https:\/\/www.cs-bau.com\/wp\/projekte\/fertiggestellt\/4-stilvolle-eigentumswohnungen-in-limbach-kirkel-2004\/\" itemprop=\"url\" tabindex=\"0\"><span class=\"avia-bullet\"><\/span><span class=\"avia-menu-text\">4 stilvolle Eigentumswohnungen in Limbach-Kirkel 2004<\/span><span class=\"avia-menu-fx\"><span class=\"avia-arrow-wrap\"><span class=\"avia-arrow\"><\/span><\/span><\/span><\/a><\/li>\n<li role=\"menuitem\" id=\"menu-item-447\" class=\"menu-item menu-item-type-post_type menu-item-object-page menu-item-top-level menu-item-top-level-14\"><a href=\"https:\/\/www.cs-bau.com\/wp\/projekte\/fertiggestellt\/4-stilvolle-eigentumswohnungen-in-limbach-kirkel-2005\/\" itemprop=\"url\" tabindex=\"0\"><span class=\"avia-bullet\"><\/span><span class=\"avia-menu-text\">4 stilvolle Eigentumswohnungen in Limbach-Kirkel 2005<\/span><span class=\"avia-menu-fx\"><span class=\"avia-arrow-wrap\"><span class=\"avia-arrow\"><\/span><\/span><\/span><\/a><\/li>\n<li role=\"menuitem\" id=\"menu-item-448\" class=\"menu-item menu-item-type-post_type menu-item-object-page menu-item-top-level menu-item-top-level-15\"><a href=\"https:\/\/www.cs-bau.com\/wp\/projekte\/fertiggestellt\/5-stilvolle-eigentumswohnungen-in-limbach-kirkel-2006\/\" itemprop=\"url\" tabindex=\"0\"><span class=\"avia-bullet\"><\/span><span class=\"avia-menu-text\">5 stilvolle Eigentumswohnungen in Limbach-Kirkel 2006<\/span><span class=\"avia-menu-fx\"><span class=\"avia-arrow-wrap\"><span class=\"avia-arrow\"><\/span><\/span><\/span><\/a><\/li>\n<li role=\"menuitem\" id=\"menu-item-449\" class=\"menu-item menu-item-type-post_type menu-item-object-page menu-item-top-level menu-item-top-level-16\"><a href=\"https:\/\/www.cs-bau.com\/wp\/projekte\/fertiggestellt\/5-stilvolle-eigentumswohnungen-in-limbach-kirkel-2007\/\" itemprop=\"url\" tabindex=\"0\"><span class=\"avia-bullet\"><\/span><span class=\"avia-menu-text\">5 stilvolle Eigentumswohnungen in Limbach-Kirkel 2007<\/span><span class=\"avia-menu-fx\"><span class=\"avia-arrow-wrap\"><span class=\"avia-arrow\"><\/span><\/span><\/span><\/a><\/li>\n<\/ul><\/div><\/div><div class='sticky_placeholder'><\/div>\n","protected":false},"excerpt":{"rendered":"","protected":false},"author":1,"featured_media":0,"parent":79,"menu_order":125,"comment_status":"closed","ping_status":"closed","template":"","meta":{"footnotes":""},"class_list":["post-278","page","type-page","status-publish","hentry"],"_links":{"self":[{"href":"https:\/\/www.cs-bau.com\/wp\/wp-json\/wp\/v2\/pages\/278","targetHints":{"allow":["GET"]}}],"collection":[{"href":"https:\/\/www.cs-bau.com\/wp\/wp-json\/wp\/v2\/pages"}],"about":[{"href":"https:\/\/www.cs-bau.com\/wp\/wp-json\/wp\/v2\/types\/page"}],"author":[{"embeddable":true,"href":"https:\/\/www.cs-bau.com\/wp\/wp-json\/wp\/v2\/users\/1"}],"replies":[{"embeddable":true,"href":"https:\/\/www.cs-bau.com\/wp\/wp-json\/wp\/v2\/comments?post=278"}],"version-history":[{"count":8,"href":"https:\/\/www.cs-bau.com\/wp\/wp-json\/wp\/v2\/pages\/278\/revisions"}],"predecessor-version":[{"id":623,"href":"https:\/\/www.cs-bau.com\/wp\/wp-json\/wp\/v2\/pages\/278\/revisions\/623"}],"up":[{"embeddable":true,"href":"https:\/\/www.cs-bau.com\/wp\/wp-json\/wp\/v2\/pages\/79"}],"wp:attachment":[{"href":"https:\/\/www.cs-bau.com\/wp\/wp-json\/wp\/v2\/media?parent=278"}],"curies":[{"name":"wp","href":"https:\/\/api.w.org\/{rel}","templated":true}]}}